{"id":1702,"date":"2018-09-05T07:57:52","date_gmt":"2018-09-05T07:57:52","guid":{"rendered":"http:\/\/box5156.temp.domains\/~uavfotoc\/volcano\/?page_id=1702"},"modified":"2026-03-25T09:31:10","modified_gmt":"2026-03-25T09:31:10","slug":"1702-2","status":"publish","type":"page","link":"https:\/\/volcanocomplex.cz\/en\/","title":{"rendered":"Volcano Complex"},"content":{"rendered":"\t\t<div data-elementor-type=\"wp-post\" data-elementor-id=\"1702\" class=\"elementor elementor-1702 elementor-9\" data-elementor-post-type=\"page\">\n\t\t\t\t<div class=\"elementor-element elementor-element-0915adc e-flex e-con-boxed e-con e-parent\" data-id=\"0915adc\" data-element_type=\"container\" data-e-type=\"container\" data-settings=\"{&quot;background_background&quot;:&quot;slideshow&quot;,&quot;background_slideshow_gallery&quot;:[{&quot;id&quot;:5939,&quot;url&quot;:&quot;https:\\\/\\\/volcanocomplex.cz\\\/wp-content\\\/uploads\\\/2020\\\/12\\\/pokoj_volcano.jpg&quot;},{&quot;id&quot;:5712,&quot;url&quot;:&quot;https:\\\/\\\/volcanocomplex.cz\\\/wp-content\\\/uploads\\\/2020\\\/12\\\/Volcano-grill-house-32.jpg&quot;},{&quot;id&quot;:5942,&quot;url&quot;:&quot;https:\\\/\\\/volcanocomplex.cz\\\/wp-content\\\/uploads\\\/2020\\\/12\\\/recepce.jpg&quot;},{&quot;id&quot;:5715,&quot;url&quot;:&quot;https:\\\/\\\/volcanocomplex.cz\\\/wp-content\\\/uploads\\\/2020\\\/12\\\/wellness_infra.jpg&quot;},{&quot;id&quot;:6109,&quot;url&quot;:&quot;https:\\\/\\\/volcanocomplex.cz\\\/wp-content\\\/uploads\\\/2021\\\/01\\\/milan.jpg&quot;},{&quot;id&quot;:7114,&quot;url&quot;:&quot;https:\\\/\\\/volcanocomplex.cz\\\/wp-content\\\/uploads\\\/2021\\\/01\\\/sabaiwide.jpg&quot;}],&quot;background_slideshow_slide_duration&quot;:3000,&quot;background_slideshow_transition_duration&quot;:2000,&quot;background_slideshow_lazyload&quot;:&quot;yes&quot;,&quot;background_slideshow_loop&quot;:&quot;yes&quot;,&quot;background_slideshow_slide_transition&quot;:&quot;fade&quot;}\">\n\t\t\t\t\t<div class=\"e-con-inner\">\n\t\t\t\t\t<\/div>\n\t\t\t\t<\/div>\n\t\t<div class=\"elementor-element elementor-element-15c98d9 e-flex e-con-boxed e-con e-parent\" data-id=\"15c98d9\" data-element_type=\"container\" data-e-type=\"container\" data-settings=\"{&quot;background_background&quot;:&quot;classic&quot;}\">\n\t\t\t\t\t<div class=\"e-con-inner\">\n\t\t<div class=\"elementor-element elementor-element-4d5b3a1 e-con-full e-flex e-con e-child\" data-id=\"4d5b3a1\" data-element_type=\"container\" data-e-type=\"container\">\n\t\t\t\t<div class=\"elementor-element elementor-element-d8366d0 elementor-widget__width-initial elementor-position-top elementor-widget-mobile__width-initial elementor-position-top elementor-widget elementor-widget-image-box\" data-id=\"d8366d0\" data-element_type=\"widget\" data-e-type=\"widget\" data-widget_type=\"image-box.default\">\n\t\t\t\t\t<div class=\"elementor-image-box-wrapper\"><figure class=\"elementor-image-box-img\"><a href=\"https:\/\/volcanocomplex.cz\/en\/restaurant-grill-house\/\" tabindex=\"-1\"><img fetchpriority=\"high\" decoding=\"async\" width=\"1920\" height=\"1080\" src=\"https:\/\/volcanocomplex.cz\/wp-content\/uploads\/2026\/02\/grill_house_main.webp\" class=\"attachment-full size-full wp-image-24262\" alt=\"\" srcset=\"https:\/\/volcanocomplex.cz\/wp-content\/uploads\/2026\/02\/grill_house_main.webp 1920w, https:\/\/volcanocomplex.cz\/wp-content\/uploads\/2026\/02\/grill_house_main-300x169.webp 300w, https:\/\/volcanocomplex.cz\/wp-content\/uploads\/2026\/02\/grill_house_main-1024x576.webp 1024w, https:\/\/volcanocomplex.cz\/wp-content\/uploads\/2026\/02\/grill_house_main-768x432.webp 768w, https:\/\/volcanocomplex.cz\/wp-content\/uploads\/2026\/02\/grill_house_main-1536x864.webp 1536w\" sizes=\"(max-width: 1920px) 100vw, 1920px\" \/><\/a><\/figure><div class=\"elementor-image-box-content\"><h3 class=\"elementor-image-box-title\"><a href=\"https:\/\/volcanocomplex.cz\/en\/restaurant-grill-house\/\">Grill house<\/a><\/h3><\/div><\/div>\t\t\t\t<\/div>\n\t\t\t\t<div class=\"elementor-element elementor-element-f764dfc elementor-widget__width-initial elementor-position-top elementor-widget-mobile__width-initial elementor-position-top elementor-widget elementor-widget-image-box\" data-id=\"f764dfc\" data-element_type=\"widget\" data-e-type=\"widget\" data-widget_type=\"image-box.default\">\n\t\t\t\t\t<div class=\"elementor-image-box-wrapper\"><figure class=\"elementor-image-box-img\"><a href=\"https:\/\/volcanocomplex.cz\/en\/volcano-spa-hotel\/\" tabindex=\"-1\"><img decoding=\"async\" width=\"1920\" height=\"1080\" src=\"https:\/\/volcanocomplex.cz\/wp-content\/uploads\/2026\/02\/hotel_wide.webp\" class=\"attachment-full size-full wp-image-23886\" alt=\"\" srcset=\"https:\/\/volcanocomplex.cz\/wp-content\/uploads\/2026\/02\/hotel_wide.webp 1920w, https:\/\/volcanocomplex.cz\/wp-content\/uploads\/2026\/02\/hotel_wide-300x169.webp 300w, https:\/\/volcanocomplex.cz\/wp-content\/uploads\/2026\/02\/hotel_wide-1024x576.webp 1024w, https:\/\/volcanocomplex.cz\/wp-content\/uploads\/2026\/02\/hotel_wide-768x432.webp 768w, https:\/\/volcanocomplex.cz\/wp-content\/uploads\/2026\/02\/hotel_wide-1536x864.webp 1536w\" sizes=\"(max-width: 1920px) 100vw, 1920px\" \/><\/a><\/figure><div class=\"elementor-image-box-content\"><h3 class=\"elementor-image-box-title\"><a href=\"https:\/\/volcanocomplex.cz\/en\/volcano-spa-hotel\/\">Spa hotel<\/a><\/h3><\/div><\/div>\t\t\t\t<\/div>\n\t\t\t\t<div class=\"elementor-element elementor-element-a717bc7 elementor-widget__width-initial elementor-position-top elementor-widget-mobile__width-initial elementor-position-top elementor-widget elementor-widget-image-box\" data-id=\"a717bc7\" data-element_type=\"widget\" data-e-type=\"widget\" data-widget_type=\"image-box.default\">\n\t\t\t\t\t<div class=\"elementor-image-box-wrapper\"><figure class=\"elementor-image-box-img\"><a href=\"https:\/\/volcanocomplex.cz\/en\/examples-of-company-events\/\" tabindex=\"-1\"><img decoding=\"async\" width=\"1920\" height=\"1080\" src=\"https:\/\/volcanocomplex.cz\/wp-content\/uploads\/2026\/02\/300_osob_main.webp\" class=\"attachment-full size-full wp-image-24259\" alt=\"\" srcset=\"https:\/\/volcanocomplex.cz\/wp-content\/uploads\/2026\/02\/300_osob_main.webp 1920w, https:\/\/volcanocomplex.cz\/wp-content\/uploads\/2026\/02\/300_osob_main-300x169.webp 300w, https:\/\/volcanocomplex.cz\/wp-content\/uploads\/2026\/02\/300_osob_main-1024x576.webp 1024w, https:\/\/volcanocomplex.cz\/wp-content\/uploads\/2026\/02\/300_osob_main-768x432.webp 768w, https:\/\/volcanocomplex.cz\/wp-content\/uploads\/2026\/02\/300_osob_main-1536x864.webp 1536w\" sizes=\"(max-width: 1920px) 100vw, 1920px\" \/><\/a><\/figure><div class=\"elementor-image-box-content\"><h3 class=\"elementor-image-box-title\"><a href=\"https:\/\/volcanocomplex.cz\/en\/examples-of-company-events\/\">Function for up to 300 persons<\/a><\/h3><\/div><\/div>\t\t\t\t<\/div>\n\t\t\t\t<div class=\"elementor-element elementor-element-71b88fa elementor-position-top elementor-widget__width-initial elementor-widget-mobile__width-initial elementor-position-top elementor-widget elementor-widget-image-box\" data-id=\"71b88fa\" data-element_type=\"widget\" data-e-type=\"widget\" data-widget_type=\"image-box.default\">\n\t\t\t\t\t<div class=\"elementor-image-box-wrapper\"><figure class=\"elementor-image-box-img\"><a href=\"https:\/\/volcanocomplex.cz\/en\/health-fitness\/\" tabindex=\"-1\"><img loading=\"lazy\" decoding=\"async\" width=\"1920\" height=\"1080\" src=\"https:\/\/volcanocomplex.cz\/wp-content\/uploads\/2026\/02\/fitness_main.webp\" class=\"attachment-full size-full wp-image-24271\" alt=\"\" srcset=\"https:\/\/volcanocomplex.cz\/wp-content\/uploads\/2026\/02\/fitness_main.webp 1920w, https:\/\/volcanocomplex.cz\/wp-content\/uploads\/2026\/02\/fitness_main-300x169.webp 300w, https:\/\/volcanocomplex.cz\/wp-content\/uploads\/2026\/02\/fitness_main-1024x576.webp 1024w, https:\/\/volcanocomplex.cz\/wp-content\/uploads\/2026\/02\/fitness_main-768x432.webp 768w, https:\/\/volcanocomplex.cz\/wp-content\/uploads\/2026\/02\/fitness_main-1536x864.webp 1536w\" sizes=\"(max-width: 1920px) 100vw, 1920px\" \/><\/a><\/figure><div class=\"elementor-image-box-content\"><h3 class=\"elementor-image-box-title\"><a href=\"https:\/\/volcanocomplex.cz\/en\/health-fitness\/\">Fitness<\/a><\/h3><\/div><\/div>\t\t\t\t<\/div>\n\t\t\t\t<div class=\"elementor-element elementor-element-94d6e90 elementor-widget__width-initial elementor-position-top elementor-widget-mobile__width-initial elementor-position-top elementor-widget elementor-widget-image-box\" data-id=\"94d6e90\" data-element_type=\"widget\" data-e-type=\"widget\" data-widget_type=\"image-box.default\">\n\t\t\t\t\t<div class=\"elementor-image-box-wrapper\"><figure class=\"elementor-image-box-img\"><a href=\"https:\/\/volcanocomplex.cz\/en\/spa-wellness\/\" tabindex=\"-1\"><img loading=\"lazy\" decoding=\"async\" width=\"1920\" height=\"1080\" src=\"https:\/\/volcanocomplex.cz\/wp-content\/uploads\/2026\/02\/wellness_main.webp\" class=\"attachment-full size-full wp-image-24265\" alt=\"\" srcset=\"https:\/\/volcanocomplex.cz\/wp-content\/uploads\/2026\/02\/wellness_main.webp 1920w, https:\/\/volcanocomplex.cz\/wp-content\/uploads\/2026\/02\/wellness_main-300x169.webp 300w, https:\/\/volcanocomplex.cz\/wp-content\/uploads\/2026\/02\/wellness_main-1024x576.webp 1024w, https:\/\/volcanocomplex.cz\/wp-content\/uploads\/2026\/02\/wellness_main-768x432.webp 768w, https:\/\/volcanocomplex.cz\/wp-content\/uploads\/2026\/02\/wellness_main-1536x864.webp 1536w\" sizes=\"(max-width: 1920px) 100vw, 1920px\" \/><\/a><\/figure><div class=\"elementor-image-box-content\"><h3 class=\"elementor-image-box-title\"><a href=\"https:\/\/volcanocomplex.cz\/en\/spa-wellness\/\">Wellness<\/a><\/h3><\/div><\/div>\t\t\t\t<\/div>\n\t\t\t\t<div class=\"elementor-element elementor-element-39d4b3f elementor-widget__width-initial elementor-position-top elementor-widget-mobile__width-initial elementor-position-top elementor-widget elementor-widget-image-box\" data-id=\"39d4b3f\" data-element_type=\"widget\" data-e-type=\"widget\" data-widget_type=\"image-box.default\">\n\t\t\t\t\t<div class=\"elementor-image-box-wrapper\"><figure class=\"elementor-image-box-img\"><a href=\"https:\/\/volcanocomplex.cz\/en\/spa-wellness\/#thai\" target=\"_blank\" tabindex=\"-1\"><img loading=\"lazy\" decoding=\"async\" width=\"1920\" height=\"1080\" src=\"https:\/\/volcanocomplex.cz\/wp-content\/uploads\/2026\/02\/thai_massage.webp\" class=\"attachment-full size-full wp-image-24089\" alt=\"\" srcset=\"https:\/\/volcanocomplex.cz\/wp-content\/uploads\/2026\/02\/thai_massage.webp 1920w, https:\/\/volcanocomplex.cz\/wp-content\/uploads\/2026\/02\/thai_massage-300x169.webp 300w, https:\/\/volcanocomplex.cz\/wp-content\/uploads\/2026\/02\/thai_massage-1024x576.webp 1024w, https:\/\/volcanocomplex.cz\/wp-content\/uploads\/2026\/02\/thai_massage-768x432.webp 768w, https:\/\/volcanocomplex.cz\/wp-content\/uploads\/2026\/02\/thai_massage-1536x864.webp 1536w\" sizes=\"(max-width: 1920px) 100vw, 1920px\" \/><\/a><\/figure><div class=\"elementor-image-box-content\"><h3 class=\"elementor-image-box-title\"><a href=\"https:\/\/volcanocomplex.cz\/en\/spa-wellness\/#thai\" target=\"_blank\">Thai massage<\/a><\/h3><\/div><\/div>\t\t\t\t<\/div>\n\t\t\t\t<\/div>\n\t\t<div class=\"elementor-element elementor-element-d3d651d e-con-full e-flex e-con e-child\" data-id=\"d3d651d\" data-element_type=\"container\" data-e-type=\"container\">\n\t\t\t\t<div class=\"elementor-element elementor-element-cd22781 elementor-widget elementor-widget-heading\" data-id=\"cd22781\" data-element_type=\"widget\" data-e-type=\"widget\" data-widget_type=\"heading.default\">\n\t\t\t\t\t<h2 class=\"elementor-heading-title elementor-size-default\">FEEL THE DIFFERENCE<\/h2>\t\t\t\t<\/div>\n\t\t\t\t<\/div>\n\t\t<div class=\"elementor-element elementor-element-221da27 e-con-full e-flex e-con e-child\" data-id=\"221da27\" data-element_type=\"container\" data-e-type=\"container\">\n\t\t<div class=\"elementor-element elementor-element-e1e3641 e-con-full e-flex e-con e-child\" data-id=\"e1e3641\" data-element_type=\"container\" data-e-type=\"container\">\n\t\t\t\t<div class=\"elementor-element elementor-element-5d31107 elementor-widget__width-initial elementor-widget elementor-widget-image\" data-id=\"5d31107\" data-element_type=\"widget\" data-e-type=\"widget\" data-widget_type=\"image.default\">\n\t\t\t\t\t\t\t\t\t\t\t\t\t\t\t\t<a href=\"https:\/\/volcanocomplex.cz\/en\/eco-friendly\/\" target=\"_blank\">\n\t\t\t\t\t\t\t<img loading=\"lazy\" decoding=\"async\" width=\"400\" height=\"531\" src=\"https:\/\/volcanocomplex.cz\/wp-content\/uploads\/2024\/10\/Eco-Friendly.webp\" class=\"attachment-large size-large wp-image-19616\" alt=\"\" srcset=\"https:\/\/volcanocomplex.cz\/wp-content\/uploads\/2024\/10\/Eco-Friendly.webp 400w, https:\/\/volcanocomplex.cz\/wp-content\/uploads\/2024\/10\/Eco-Friendly-226x300.webp 226w\" sizes=\"(max-width: 400px) 100vw, 400px\" \/>\t\t\t\t\t\t\t\t<\/a>\n\t\t\t\t\t\t\t\t\t\t\t\t\t\t\t<\/div>\n\t\t\t\t<div class=\"elementor-element elementor-element-c4f59c9 elementor-widget__width-initial elementor-widget elementor-widget-image\" data-id=\"c4f59c9\" data-element_type=\"widget\" data-e-type=\"widget\" data-widget_type=\"image.default\">\n\t\t\t\t\t\t\t\t\t\t\t\t\t\t\t\t<a href=\"https:\/\/www.tripadvisor.cz\/Hotel_Review-g274707-d1719181-Reviews-Volcano_Spa_Hotel-Prague_Bohemia.html\" target=\"_blank\" rel=\"noopener\">\n\t\t\t\t\t\t\t<img loading=\"lazy\" decoding=\"async\" width=\"400\" height=\"531\" src=\"https:\/\/volcanocomplex.cz\/wp-content\/uploads\/2025\/06\/Tripadvisor-grey-2025.webp\" class=\"attachment-medium_large size-medium_large wp-image-21174\" alt=\"\" srcset=\"https:\/\/volcanocomplex.cz\/wp-content\/uploads\/2025\/06\/Tripadvisor-grey-2025.webp 400w, https:\/\/volcanocomplex.cz\/wp-content\/uploads\/2025\/06\/Tripadvisor-grey-2025-226x300.webp 226w\" sizes=\"(max-width: 400px) 100vw, 400px\" \/>\t\t\t\t\t\t\t\t<\/a>\n\t\t\t\t\t\t\t\t\t\t\t\t\t\t\t<\/div>\n\t\t\t\t<div class=\"elementor-element elementor-element-7b8ad5d elementor-widget__width-initial elementor-widget elementor-widget-image\" data-id=\"7b8ad5d\" data-element_type=\"widget\" data-e-type=\"widget\" data-widget_type=\"image.default\">\n\t\t\t\t\t\t\t\t\t\t\t\t\t\t\t\t<a href=\"https:\/\/www.tripadvisor.cz\/Hotel_Review-g274707-d1719181-Reviews-Volcano_Spa_Hotel-Prague_Bohemia.html\" target=\"_blank\" rel=\"noopener\">\n\t\t\t\t\t\t\t<img loading=\"lazy\" decoding=\"async\" width=\"400\" height=\"531\" src=\"https:\/\/volcanocomplex.cz\/wp-content\/uploads\/2024\/07\/Tripadvisor-grey-2024.webp\" class=\"attachment-medium_large size-medium_large wp-image-19200\" alt=\"\" srcset=\"https:\/\/volcanocomplex.cz\/wp-content\/uploads\/2024\/07\/Tripadvisor-grey-2024.webp 400w, https:\/\/volcanocomplex.cz\/wp-content\/uploads\/2024\/07\/Tripadvisor-grey-2024-226x300.webp 226w\" sizes=\"(max-width: 400px) 100vw, 400px\" \/>\t\t\t\t\t\t\t\t<\/a>\n\t\t\t\t\t\t\t\t\t\t\t\t\t\t\t<\/div>\n\t\t\t\t<div class=\"elementor-element elementor-element-b52feee elementor-widget__width-initial elementor-widget elementor-widget-image\" data-id=\"b52feee\" data-element_type=\"widget\" data-e-type=\"widget\" data-widget_type=\"image.default\">\n\t\t\t\t\t\t\t\t\t\t\t\t\t\t\t\t<a href=\"https:\/\/www.tripadvisor.cz\/Hotel_Review-g274707-d1719181-Reviews-Volcano_Spa_Hotel-Prague_Bohemia.html\" target=\"_blank\" rel=\"noopener\">\n\t\t\t\t\t\t\t<img loading=\"lazy\" decoding=\"async\" width=\"600\" height=\"797\" src=\"https:\/\/volcanocomplex.cz\/wp-content\/uploads\/2024\/04\/Tripadvisor-grey-2023.webp\" class=\"attachment-large size-large wp-image-18454\" alt=\"\" srcset=\"https:\/\/volcanocomplex.cz\/wp-content\/uploads\/2024\/04\/Tripadvisor-grey-2023.webp 600w, https:\/\/volcanocomplex.cz\/wp-content\/uploads\/2024\/04\/Tripadvisor-grey-2023-226x300.webp 226w\" sizes=\"(max-width: 600px) 100vw, 600px\" \/>\t\t\t\t\t\t\t\t<\/a>\n\t\t\t\t\t\t\t\t\t\t\t\t\t\t\t<\/div>\n\t\t\t\t<\/div>\n\t\t<div class=\"elementor-element elementor-element-7ee479c e-con-full e-flex e-con e-child\" data-id=\"7ee479c\" data-element_type=\"container\" data-e-type=\"container\">\n\t\t\t\t<div class=\"elementor-element elementor-element-1ba9a54 elementor-widget elementor-widget-heading\" data-id=\"1ba9a54\" data-element_type=\"widget\" data-e-type=\"widget\" data-widget_type=\"heading.default\">\n\t\t\t\t\t<h4 class=\"elementor-heading-title elementor-size-default\">The Volcano Spa Hotel has been ranked among the top 10% of the world's top-rated hotels in recent years;<\/h4>\t\t\t\t<\/div>\n\t\t\t\t<\/div>\n\t\t\t\t<\/div>\n\t\t\t\t\t<\/div>\n\t\t\t\t<\/div>\n\t\t<div class=\"elementor-element elementor-element-f5411f0 e-flex e-con-boxed e-con e-parent\" data-id=\"f5411f0\" data-element_type=\"container\" data-e-type=\"container\">\n\t\t\t\t\t<div class=\"e-con-inner\">\n\t\t\t\t<div class=\"elementor-element elementor-element-fdaf8da elementor-widget elementor-widget-html\" data-id=\"fdaf8da\" data-element_type=\"widget\" data-e-type=\"widget\" data-widget_type=\"html.default\">\n\t\t\t\t\t<div style=\"max-width: 860px; margin: 0 auto; padding: 2.5rem 1.5rem; text-align: center;\">\n  <h2 style=\"font-size: 18px; font-weight: 500;\">Volcano Complex<\/h2>\n  <p style=\"font-size: 15px; line-height: 1.8; max-width: 680px; margin: 0 auto 1.5rem;\">\n Volcano Complex is a unique destination on the edge of the Prokopsk\u00e9 \u00fadol\u00ed nature reserve in Prague 5, where you'll find everything you need for relaxation, fitness and work \u2014 all under one roof. The boutique <strong style=\"font-weight: 700; color: #111;\">Volcano Spa Hotel <\/strong>offers design rooms with views of the surrounding greenery and direct access to the luxury wellness zone. <strong style=\"font-weight: 700; color: #111;\">Grill House restaurant<\/strong> serves Italian-international cuisine from morning breakfast through to evening tasting menus. <strong style=\"font-weight: 700; color: #111;\">Volcano Fitness<\/strong> by Martin Ko\u0161\u0165\u00e1l offers top-of-the-line Technogym equipment, studio classes and personal training in an exclusive setting. The 1,700 m\u00b2 <strong style=\"font-weight: 700; color: #111;\">wellness zone<\/strong> with Finnish sauna, steam room, jacuzzi and authentic Sabai Thai massages guarantees complete regeneration. For <strong style=\"font-weight: 700; color: #111;\">corporate events<\/strong>, we offer conference facilities and social events for up to 300 guests \u2014 all with parking and an EV charging station.  \n  <\/p>\n<\/div>\t\t\t\t<\/div>\n\t\t\t\t\t<\/div>\n\t\t\t\t<\/div>\n\t\t\t\t<\/div>\n\t\t","protected":false},"excerpt":{"rendered":"<p>Grill house Spa hotel Function for up to 300 persons Fitness Wellness Thai massage FEEL THE DIFFERENCE The Volcano Spa Hotel has been ranked among the top 10% of the world&#8217;s top-rated hotels in recent years; Volcano Complex Volcano Complex is a unique destination on the edge of the Prokopsk\u00e9 \u00fadol\u00ed nature reserve in Prague [&hellip;]<\/p>\n","protected":false},"author":1,"featured_media":0,"parent":0,"menu_order":0,"comment_status":"closed","ping_status":"closed","template":"","meta":{"footnotes":""},"class_list":["post-1702","page","type-page","status-publish","hentry"],"_links":{"self":[{"href":"https:\/\/volcanocomplex.cz\/en\/wp-json\/wp\/v2\/pages\/1702","targetHints":{"allow":["GET"]}}],"collection":[{"href":"https:\/\/volcanocomplex.cz\/en\/wp-json\/wp\/v2\/pages"}],"about":[{"href":"https:\/\/volcanocomplex.cz\/en\/wp-json\/wp\/v2\/types\/page"}],"author":[{"embeddable":true,"href":"https:\/\/volcanocomplex.cz\/en\/wp-json\/wp\/v2\/users\/1"}],"replies":[{"embeddable":true,"href":"https:\/\/volcanocomplex.cz\/en\/wp-json\/wp\/v2\/comments?post=1702"}],"version-history":[{"count":5,"href":"https:\/\/volcanocomplex.cz\/en\/wp-json\/wp\/v2\/pages\/1702\/revisions"}],"predecessor-version":[{"id":24739,"href":"https:\/\/volcanocomplex.cz\/en\/wp-json\/wp\/v2\/pages\/1702\/revisions\/24739"}],"wp:attachment":[{"href":"https:\/\/volcanocomplex.cz\/en\/wp-json\/wp\/v2\/media?parent=1702"}],"curies":[{"name":"wp","href":"https:\/\/api.w.org\/{rel}","templated":true}]}}